{"id":1135,"date":"2017-06-16T13:54:43","date_gmt":"2017-06-16T13:54:43","guid":{"rendered":"http:\/\/hatbodies.com.w0174c16.kasserver.com\/about-cashmere\/"},"modified":"2018-11-30T13:33:51","modified_gmt":"2018-11-30T13:33:51","slug":"about-cashmere","status":"publish","type":"page","link":"https:\/\/www.hatbodies.com\/de\/about-cashmere\/","title":{"rendered":"About Cashmere"},"content":{"rendered":"<div class=\"wpb-content-wrapper\"><p>[vc_row][vc_column css=\".vc_custom_1499183299964{margin-top: 20px !important;}\"][vc_column_text]<\/p>\n<h1>\u00dcber unsere Kaschmir<\/h1>\n<p><input class=\"go_back_to_previous\" type=\"button\" value=\"Zur\u00fcck zur Produktseite\" \/>[\/vc_column_text][\/vc_column][\/vc_row][vc_row][vc_column width=\"2\/3\"][vc_single_image image=\"1176\" img_size=\"full\" el_class=\"about-single-image\"][\/vc_column][vc_column width=\"1\/3\"][vc_column_text el_class=\"about-text-block\"]<span style=\"font-size: 20px;\">Baotou, eine aufstrebende Industriestadt im Norden Chinas, genauer gesagt in der autonomen Region Innere Mongolei. Mit gesch\u00e4tzten 2,5 Millionen Einwohnern ist sie die gr\u00f6\u00dfte Stadt in der Region, gr\u00f6\u00dfer noch als die Hauptstadt Hohhot. Die mit 22km l\u00e4ngste Stra\u00dfe der Stadt hei\u00dft Stahlstra\u00dfe, nach dem wichtigsten Exportgut. Aber ganz in der N\u00e4he und doch unendlich weit entfernt gibt es noch ein Produkt, das seit Alters her mit der Region und ihren Einwohnern eng verbunden ist: das Cashmere.<\/span>[\/vc_column_text][\/vc_column][\/vc_row][vc_row][vc_column width=\"1\/3\"][vc_column_text el_class=\"about-text-block\"]<span style=\"font-size: 20px;\">Wenn man die Stadt am Gelben Fluss einmal in n\u00f6rdlicher Richtung hinter sich gelassen hat, geht es hinein in die Entlegenheit der Berge. Hier verl\u00e4uft der \u00e4lteste Teil der Chinesischen Mauer, der etwa 300 Jahre v.Chr. vorwiegend aus gestampfter Erde errichtet wurde. Hier ist die Gegend bereits sehr karg von Bewuchs und man kann sich gut vorstellen, dass es im Winter mit minus 25\u00b0 C bitterkalt wird.<\/span>[\/vc_column_text][\/vc_column][vc_column width=\"2\/3\"][vc_single_image image=\"1176\" img_size=\"full\" el_class=\"about-single-image\"][\/vc_column][\/vc_row]<\/p>\n<\/div>","protected":false},"excerpt":{"rendered":"<p>[vc_row][vc_column css=&#8220;.vc_custom_1499183299964{margin-top: 20px !important;}&#8220;][vc_column_text] \u00dcber unsere Kaschmir [\/vc_column_text][\/vc_column][\/vc_row][vc_row][vc_column width=&#8220;2\/3&#8243;][vc_single_image image=&#8220;1176&#8243; img_size=&#8220;full&#8220; el_class=&#8220;about-single-image&#8220;][\/vc_column][vc_column width=&#8220;1\/3&#8243;][vc_column_text el_class=&#8220;about-text-block&#8220;]Baotou, eine aufstrebende Industriestadt im Norden Chinas, genauer gesagt in der autonomen Region Innere Mongolei. Mit gesch\u00e4tzten 2,5 Millionen Einwohnern ist sie die gr\u00f6\u00dfte Stadt in der Region, gr\u00f6\u00dfer noch als die Hauptstadt Hohhot. Die mit 22km l\u00e4ngste Stra\u00dfe der Stadt hei\u00dft&hellip;<\/p>\n","protected":false},"author":1,"featured_media":0,"parent":0,"menu_order":0,"comment_status":"closed","ping_status":"closed","template":"","meta":{"_acf_changed":false,"footnotes":""},"class_list":["post-1135","page","type-page","status-publish","hentry"],"acf":[],"yoast_head":"<!-- This site is optimized with the Yoast SEO plugin v23.7 - https:\/\/yoast.com\/wordpress\/plugins\/seo\/ -->\n<title>About Cashmere - Kopka Hatbodies<\/title>\n<meta name=\"description\" content=\"Kopka Hatbodies - About Cashmere -\" \/>\n<meta name=\"robots\" content=\"index, follow, max-snippet:-1, max-image-preview:large, max-video-preview:-1\" \/>\n<link rel=\"canonical\" href=\"https:\/\/www.hatbodies.com\/de\/about-cashmere\/\" \/>\n<meta property=\"og:locale\" content=\"de_DE\" \/>\n<meta property=\"og:type\" content=\"article\" \/>\n<meta property=\"og:title\" content=\"About Cashmere - Kopka Hatbodies\" \/>\n<meta property=\"og:description\" content=\"Kopka Hatbodies - About Cashmere -\" \/>\n<meta property=\"og:url\" content=\"https:\/\/www.hatbodies.com\/de\/about-cashmere\/\" \/>\n<meta property=\"og:site_name\" content=\"Kopka Hatbodies\" \/>\n<meta property=\"article:modified_time\" content=\"2018-11-30T13:33:51+00:00\" \/>\n<meta name=\"twitter:card\" content=\"summary_large_image\" \/>\n<meta name=\"twitter:label1\" content=\"Gesch\u00e4tzte Lesezeit\" \/>\n\t<meta name=\"twitter:data1\" content=\"1\u00a0Minute\" \/>\n<script type=\"application\/ld+json\" class=\"yoast-schema-graph\">{\"@context\":\"https:\/\/schema.org\",\"@graph\":[{\"@type\":\"WebPage\",\"@id\":\"https:\/\/www.hatbodies.com\/de\/about-cashmere\/\",\"url\":\"https:\/\/www.hatbodies.com\/de\/about-cashmere\/\",\"name\":\"About Cashmere - Kopka Hatbodies\",\"isPartOf\":{\"@id\":\"https:\/\/www.hatbodies.com\/#website\"},\"datePublished\":\"2017-06-16T13:54:43+00:00\",\"dateModified\":\"2018-11-30T13:33:51+00:00\",\"description\":\"Kopka Hatbodies - About Cashmere -\",\"breadcrumb\":{\"@id\":\"https:\/\/www.hatbodies.com\/de\/about-cashmere\/#breadcrumb\"},\"inLanguage\":\"de\",\"potentialAction\":[{\"@type\":\"ReadAction\",\"target\":[\"https:\/\/www.hatbodies.com\/de\/about-cashmere\/\"]}]},{\"@type\":\"BreadcrumbList\",\"@id\":\"https:\/\/www.hatbodies.com\/de\/about-cashmere\/#breadcrumb\",\"itemListElement\":[{\"@type\":\"ListItem\",\"position\":1,\"name\":\"Home\",\"item\":\"https:\/\/www.hatbodies.com\/de\/homepage\/\"},{\"@type\":\"ListItem\",\"position\":2,\"name\":\"About Cashmere\"}]},{\"@type\":\"WebSite\",\"@id\":\"https:\/\/www.hatbodies.com\/#website\",\"url\":\"https:\/\/www.hatbodies.com\/\",\"name\":\"Kopka Hatbodies\",\"description\":\"International wholesaler for straw &amp; felt hatbodies\",\"publisher\":{\"@id\":\"https:\/\/www.hatbodies.com\/#organization\"},\"potentialAction\":[{\"@type\":\"SearchAction\",\"target\":{\"@type\":\"EntryPoint\",\"urlTemplate\":\"https:\/\/www.hatbodies.com\/?s={search_term_string}\"},\"query-input\":{\"@type\":\"PropertyValueSpecification\",\"valueRequired\":true,\"valueName\":\"search_term_string\"}}],\"inLanguage\":\"de\"},{\"@type\":\"Organization\",\"@id\":\"https:\/\/www.hatbodies.com\/#organization\",\"name\":\"Kopka Hatbodies\",\"url\":\"https:\/\/www.hatbodies.com\/\",\"logo\":{\"@type\":\"ImageObject\",\"inLanguage\":\"de\",\"@id\":\"https:\/\/www.hatbodies.com\/#\/schema\/logo\/image\/\",\"url\":\"https:\/\/www.hatbodies.com\/wp-content\/uploads\/2017\/06\/logo-kopka-accessories-1.png\",\"contentUrl\":\"https:\/\/www.hatbodies.com\/wp-content\/uploads\/2017\/06\/logo-kopka-accessories-1.png\",\"width\":640,\"height\":378,\"caption\":\"Kopka Hatbodies\"},\"image\":{\"@id\":\"https:\/\/www.hatbodies.com\/#\/schema\/logo\/image\/\"},\"sameAs\":[\"https:\/\/www.instagram.com\/kopka_accessories\/\"]}]}<\/script>\n<!-- \/ Yoast SEO plugin. -->","yoast_head_json":{"title":"About Cashmere - Kopka Hatbodies","description":"Kopka Hatbodies - About Cashmere -","robots":{"index":"index","follow":"follow","max-snippet":"max-snippet:-1","max-image-preview":"max-image-preview:large","max-video-preview":"max-video-preview:-1"},"canonical":"https:\/\/www.hatbodies.com\/de\/about-cashmere\/","og_locale":"de_DE","og_type":"article","og_title":"About Cashmere - Kopka Hatbodies","og_description":"Kopka Hatbodies - About Cashmere -","og_url":"https:\/\/www.hatbodies.com\/de\/about-cashmere\/","og_site_name":"Kopka Hatbodies","article_modified_time":"2018-11-30T13:33:51+00:00","twitter_card":"summary_large_image","twitter_misc":{"Gesch\u00e4tzte Lesezeit":"1\u00a0Minute"},"schema":{"@context":"https:\/\/schema.org","@graph":[{"@type":"WebPage","@id":"https:\/\/www.hatbodies.com\/de\/about-cashmere\/","url":"https:\/\/www.hatbodies.com\/de\/about-cashmere\/","name":"About Cashmere - Kopka Hatbodies","isPartOf":{"@id":"https:\/\/www.hatbodies.com\/#website"},"datePublished":"2017-06-16T13:54:43+00:00","dateModified":"2018-11-30T13:33:51+00:00","description":"Kopka Hatbodies - About Cashmere -","breadcrumb":{"@id":"https:\/\/www.hatbodies.com\/de\/about-cashmere\/#breadcrumb"},"inLanguage":"de","potentialAction":[{"@type":"ReadAction","target":["https:\/\/www.hatbodies.com\/de\/about-cashmere\/"]}]},{"@type":"BreadcrumbList","@id":"https:\/\/www.hatbodies.com\/de\/about-cashmere\/#breadcrumb","itemListElement":[{"@type":"ListItem","position":1,"name":"Home","item":"https:\/\/www.hatbodies.com\/de\/homepage\/"},{"@type":"ListItem","position":2,"name":"About Cashmere"}]},{"@type":"WebSite","@id":"https:\/\/www.hatbodies.com\/#website","url":"https:\/\/www.hatbodies.com\/","name":"Kopka Hatbodies","description":"International wholesaler for straw &amp; felt hatbodies","publisher":{"@id":"https:\/\/www.hatbodies.com\/#organization"},"potentialAction":[{"@type":"SearchAction","target":{"@type":"EntryPoint","urlTemplate":"https:\/\/www.hatbodies.com\/?s={search_term_string}"},"query-input":{"@type":"PropertyValueSpecification","valueRequired":true,"valueName":"search_term_string"}}],"inLanguage":"de"},{"@type":"Organization","@id":"https:\/\/www.hatbodies.com\/#organization","name":"Kopka Hatbodies","url":"https:\/\/www.hatbodies.com\/","logo":{"@type":"ImageObject","inLanguage":"de","@id":"https:\/\/www.hatbodies.com\/#\/schema\/logo\/image\/","url":"https:\/\/www.hatbodies.com\/wp-content\/uploads\/2017\/06\/logo-kopka-accessories-1.png","contentUrl":"https:\/\/www.hatbodies.com\/wp-content\/uploads\/2017\/06\/logo-kopka-accessories-1.png","width":640,"height":378,"caption":"Kopka Hatbodies"},"image":{"@id":"https:\/\/www.hatbodies.com\/#\/schema\/logo\/image\/"},"sameAs":["https:\/\/www.instagram.com\/kopka_accessories\/"]}]}},"_links":{"self":[{"href":"https:\/\/www.hatbodies.com\/de\/wp-json\/wp\/v2\/pages\/1135"}],"collection":[{"href":"https:\/\/www.hatbodies.com\/de\/wp-json\/wp\/v2\/pages"}],"about":[{"href":"https:\/\/www.hatbodies.com\/de\/wp-json\/wp\/v2\/types\/page"}],"author":[{"embeddable":true,"href":"https:\/\/www.hatbodies.com\/de\/wp-json\/wp\/v2\/users\/1"}],"replies":[{"embeddable":true,"href":"https:\/\/www.hatbodies.com\/de\/wp-json\/wp\/v2\/comments?post=1135"}],"version-history":[{"count":6,"href":"https:\/\/www.hatbodies.com\/de\/wp-json\/wp\/v2\/pages\/1135\/revisions"}],"predecessor-version":[{"id":1603,"href":"https:\/\/www.hatbodies.com\/de\/wp-json\/wp\/v2\/pages\/1135\/revisions\/1603"}],"wp:attachment":[{"href":"https:\/\/www.hatbodies.com\/de\/wp-json\/wp\/v2\/media?parent=1135"}],"curies":[{"name":"wp","href":"https:\/\/api.w.org\/{rel}","templated":true}]}}